{"id":419,"date":"2023-12-04T10:23:12","date_gmt":"2023-12-04T09:23:12","guid":{"rendered":"https:\/\/easeshape.com\/?post_type=product&#038;p=419"},"modified":"2024-03-19T18:06:20","modified_gmt":"2024-03-19T17:06:20","slug":"flore-uniformoberteil","status":"publish","type":"product","link":"https:\/\/easeshape.com\/en\/product\/flore-uniformoberteil\/","title":{"rendered":"Flore - uniform top"},"content":{"rendered":"<p>Practical comfort meets feminine design in the Flore uniform top. A uniform top with a flattering cut and practical details that you are guaranteed to feel comfortable in. A high-quality zipper at the front and a concealed zipper at the side.<\/p>","protected":false},"excerpt":{"rendered":"<p>Practical comfort meets feminine design in the Flore uniform top. A uniform top with a flattering cut and practical details that you are guaranteed to feel comfortable in. A high-quality zipper at the front and a concealed zipper at the side.<\/p>","protected":false},"featured_media":865,"template":"","meta":[],"product_brand":[],"product_cat":[25],"product_tag":[],"class_list":{"0":"post-419","1":"product","2":"type-product","3":"status-publish","4":"has-post-thumbnail","6":"product_cat-frauen","8":"first","9":"instock","10":"taxable","11":"shipping-taxable","12":"purchasable","13":"product-type-variable","14":"rtwpvg-product","15":"rtwpvs-product"},"yoast_head":"<!-- This site is optimized with the Yoast SEO plugin v27.4 - https:\/\/yoast.com\/product\/yoast-seo-wordpress\/ -->\n<title>Flore - Uniformoberteil - Easeshape<\/title>\n<meta name=\"robots\" content=\"index, follow, max-snippet:-1, max-image-preview:large, max-video-preview:-1\" \/>\n<link rel=\"canonical\" href=\"https:\/\/easeshape.com\/en\/product\/flore-uniformoberteil\/\" \/>\n<meta property=\"og:locale\" content=\"en_US\" \/>\n<meta property=\"og:type\" content=\"article\" \/>\n<meta property=\"og:title\" content=\"Flore - Uniformoberteil - Easeshape\" \/>\n<meta property=\"og:description\" content=\"Praktischer Komfort trifft auf feminines Design im Flore Uniformoberteil. Ein einheitliches Oberteil mit schmeichelhaftem Schnitt und praktischen Details, in dem Sie sich garantiert wohlf\u00fchlen. Ein hochwertiger Rei\u00dfverschluss vorne und ein versteckter Rei\u00dfverschluss an der Seite.\" \/>\n<meta property=\"og:url\" content=\"https:\/\/easeshape.com\/en\/product\/flore-uniformoberteil\/\" \/>\n<meta property=\"og:site_name\" content=\"Easeshape\" \/>\n<meta property=\"article:publisher\" content=\"https:\/\/www.facebook.com\/people\/Easeshape\/61554335887225\/\" \/>\n<meta property=\"article:modified_time\" content=\"2024-03-19T17:06:20+00:00\" \/>\n<meta property=\"og:image\" content=\"https:\/\/easeshape.com\/wp-content\/uploads\/2023\/12\/Easeshape-2K-05327_.jpg\" \/>\n\t<meta property=\"og:image:width\" content=\"1333\" \/>\n\t<meta property=\"og:image:height\" content=\"2000\" \/>\n\t<meta property=\"og:image:type\" content=\"image\/jpeg\" \/>\n<meta name=\"twitter:card\" content=\"summary_large_image\" \/>\n<script type=\"application\/ld+json\" class=\"yoast-schema-graph\">{\"@context\":\"https:\\\/\\\/schema.org\",\"@graph\":[{\"@type\":\"WebPage\",\"@id\":\"https:\\\/\\\/easeshape.com\\\/produkt\\\/flore-uniformoberteil\\\/\",\"url\":\"https:\\\/\\\/easeshape.com\\\/produkt\\\/flore-uniformoberteil\\\/\",\"name\":\"Flore - Uniformoberteil - Easeshape\",\"isPartOf\":{\"@id\":\"https:\\\/\\\/easeshape.com\\\/#website\"},\"primaryImageOfPage\":{\"@id\":\"https:\\\/\\\/easeshape.com\\\/produkt\\\/flore-uniformoberteil\\\/#primaryimage\"},\"image\":{\"@id\":\"https:\\\/\\\/easeshape.com\\\/produkt\\\/flore-uniformoberteil\\\/#primaryimage\"},\"thumbnailUrl\":\"https:\\\/\\\/easeshape.com\\\/wp-content\\\/uploads\\\/2023\\\/12\\\/Easeshape-2K-05327_.jpg\",\"datePublished\":\"2023-12-04T09:23:12+00:00\",\"dateModified\":\"2024-03-19T17:06:20+00:00\",\"breadcrumb\":{\"@id\":\"https:\\\/\\\/easeshape.com\\\/produkt\\\/flore-uniformoberteil\\\/#breadcrumb\"},\"inLanguage\":\"en-US\",\"potentialAction\":[{\"@type\":\"ReadAction\",\"target\":[\"https:\\\/\\\/easeshape.com\\\/produkt\\\/flore-uniformoberteil\\\/\"]}]},{\"@type\":\"ImageObject\",\"inLanguage\":\"en-US\",\"@id\":\"https:\\\/\\\/easeshape.com\\\/produkt\\\/flore-uniformoberteil\\\/#primaryimage\",\"url\":\"https:\\\/\\\/easeshape.com\\\/wp-content\\\/uploads\\\/2023\\\/12\\\/Easeshape-2K-05327_.jpg\",\"contentUrl\":\"https:\\\/\\\/easeshape.com\\\/wp-content\\\/uploads\\\/2023\\\/12\\\/Easeshape-2K-05327_.jpg\",\"width\":1280,\"height\":1920,\"caption\":\"Easeshape Damen Arbeitskleidung - Stilvolles und umweltfreundliches Design.\"},{\"@type\":\"BreadcrumbList\",\"@id\":\"https:\\\/\\\/easeshape.com\\\/produkt\\\/flore-uniformoberteil\\\/#breadcrumb\",\"itemListElement\":[{\"@type\":\"ListItem\",\"position\":1,\"name\":\"Startseite\",\"item\":\"https:\\\/\\\/easeshape.com\\\/\"},{\"@type\":\"ListItem\",\"position\":2,\"name\":\"Shop\",\"item\":\"https:\\\/\\\/easeshape.com\\\/shop\\\/\"},{\"@type\":\"ListItem\",\"position\":3,\"name\":\"Flore &#8211; Uniformoberteil\"}]},{\"@type\":\"WebSite\",\"@id\":\"https:\\\/\\\/easeshape.com\\\/#website\",\"url\":\"https:\\\/\\\/easeshape.com\\\/\",\"name\":\"Easeshape\",\"description\":\"\",\"publisher\":{\"@id\":\"https:\\\/\\\/easeshape.com\\\/#organization\"},\"potentialAction\":[{\"@type\":\"SearchAction\",\"target\":{\"@type\":\"EntryPoint\",\"urlTemplate\":\"https:\\\/\\\/easeshape.com\\\/?s={search_term_string}\"},\"query-input\":{\"@type\":\"PropertyValueSpecification\",\"valueRequired\":true,\"valueName\":\"search_term_string\"}}],\"inLanguage\":\"en-US\"},{\"@type\":\"Organization\",\"@id\":\"https:\\\/\\\/easeshape.com\\\/#organization\",\"name\":\"Easeshape\",\"url\":\"https:\\\/\\\/easeshape.com\\\/\",\"logo\":{\"@type\":\"ImageObject\",\"inLanguage\":\"en-US\",\"@id\":\"https:\\\/\\\/easeshape.com\\\/#\\\/schema\\\/logo\\\/image\\\/\",\"url\":\"https:\\\/\\\/easeshape.com\\\/wp-content\\\/uploads\\\/2023\\\/11\\\/transparent_background_logo_1.png\",\"contentUrl\":\"https:\\\/\\\/easeshape.com\\\/wp-content\\\/uploads\\\/2023\\\/11\\\/transparent_background_logo_1.png\",\"width\":1920,\"height\":470,\"caption\":\"Easeshape\"},\"image\":{\"@id\":\"https:\\\/\\\/easeshape.com\\\/#\\\/schema\\\/logo\\\/image\\\/\"},\"sameAs\":[\"https:\\\/\\\/www.facebook.com\\\/people\\\/Easeshape\\\/61554335887225\\\/\",\"https:\\\/\\\/www.instagram.com\\\/easeshape\\\/\"]}]}<\/script>\n<!-- \/ Yoast SEO plugin. -->","yoast_head_json":{"title":"Flore - Uniformoberteil - Easeshape","robots":{"index":"index","follow":"follow","max-snippet":"max-snippet:-1","max-image-preview":"max-image-preview:large","max-video-preview":"max-video-preview:-1"},"canonical":"https:\/\/easeshape.com\/en\/product\/flore-uniformoberteil\/","og_locale":"en_US","og_type":"article","og_title":"Flore - Uniformoberteil - Easeshape","og_description":"Praktischer Komfort trifft auf feminines Design im Flore Uniformoberteil. Ein einheitliches Oberteil mit schmeichelhaftem Schnitt und praktischen Details, in dem Sie sich garantiert wohlf\u00fchlen. Ein hochwertiger Rei\u00dfverschluss vorne und ein versteckter Rei\u00dfverschluss an der Seite.","og_url":"https:\/\/easeshape.com\/en\/product\/flore-uniformoberteil\/","og_site_name":"Easeshape","article_publisher":"https:\/\/www.facebook.com\/people\/Easeshape\/61554335887225\/","article_modified_time":"2024-03-19T17:06:20+00:00","og_image":[{"width":1333,"height":2000,"url":"https:\/\/easeshape.com\/wp-content\/uploads\/2023\/12\/Easeshape-2K-05327_.jpg","type":"image\/jpeg"}],"twitter_card":"summary_large_image","schema":{"@context":"https:\/\/schema.org","@graph":[{"@type":"WebPage","@id":"https:\/\/easeshape.com\/produkt\/flore-uniformoberteil\/","url":"https:\/\/easeshape.com\/produkt\/flore-uniformoberteil\/","name":"Flore - Uniformoberteil - Easeshape","isPartOf":{"@id":"https:\/\/easeshape.com\/#website"},"primaryImageOfPage":{"@id":"https:\/\/easeshape.com\/produkt\/flore-uniformoberteil\/#primaryimage"},"image":{"@id":"https:\/\/easeshape.com\/produkt\/flore-uniformoberteil\/#primaryimage"},"thumbnailUrl":"https:\/\/easeshape.com\/wp-content\/uploads\/2023\/12\/Easeshape-2K-05327_.jpg","datePublished":"2023-12-04T09:23:12+00:00","dateModified":"2024-03-19T17:06:20+00:00","breadcrumb":{"@id":"https:\/\/easeshape.com\/produkt\/flore-uniformoberteil\/#breadcrumb"},"inLanguage":"en-US","potentialAction":[{"@type":"ReadAction","target":["https:\/\/easeshape.com\/produkt\/flore-uniformoberteil\/"]}]},{"@type":"ImageObject","inLanguage":"en-US","@id":"https:\/\/easeshape.com\/produkt\/flore-uniformoberteil\/#primaryimage","url":"https:\/\/easeshape.com\/wp-content\/uploads\/2023\/12\/Easeshape-2K-05327_.jpg","contentUrl":"https:\/\/easeshape.com\/wp-content\/uploads\/2023\/12\/Easeshape-2K-05327_.jpg","width":1280,"height":1920,"caption":"Easeshape Damen Arbeitskleidung - Stilvolles und umweltfreundliches Design."},{"@type":"BreadcrumbList","@id":"https:\/\/easeshape.com\/produkt\/flore-uniformoberteil\/#breadcrumb","itemListElement":[{"@type":"ListItem","position":1,"name":"Startseite","item":"https:\/\/easeshape.com\/"},{"@type":"ListItem","position":2,"name":"Shop","item":"https:\/\/easeshape.com\/shop\/"},{"@type":"ListItem","position":3,"name":"Flore &#8211; Uniformoberteil"}]},{"@type":"WebSite","@id":"https:\/\/easeshape.com\/#website","url":"https:\/\/easeshape.com\/","name":"Easeshape","description":"","publisher":{"@id":"https:\/\/easeshape.com\/#organization"},"potentialAction":[{"@type":"SearchAction","target":{"@type":"EntryPoint","urlTemplate":"https:\/\/easeshape.com\/?s={search_term_string}"},"query-input":{"@type":"PropertyValueSpecification","valueRequired":true,"valueName":"search_term_string"}}],"inLanguage":"en-US"},{"@type":"Organization","@id":"https:\/\/easeshape.com\/#organization","name":"Easeshape","url":"https:\/\/easeshape.com\/","logo":{"@type":"ImageObject","inLanguage":"en-US","@id":"https:\/\/easeshape.com\/#\/schema\/logo\/image\/","url":"https:\/\/easeshape.com\/wp-content\/uploads\/2023\/11\/transparent_background_logo_1.png","contentUrl":"https:\/\/easeshape.com\/wp-content\/uploads\/2023\/11\/transparent_background_logo_1.png","width":1920,"height":470,"caption":"Easeshape"},"image":{"@id":"https:\/\/easeshape.com\/#\/schema\/logo\/image\/"},"sameAs":["https:\/\/www.facebook.com\/people\/Easeshape\/61554335887225\/","https:\/\/www.instagram.com\/easeshape\/"]}]}},"_links":{"self":[{"href":"https:\/\/easeshape.com\/en\/wp-json\/wp\/v2\/product\/419","targetHints":{"allow":["GET"]}}],"collection":[{"href":"https:\/\/easeshape.com\/en\/wp-json\/wp\/v2\/product"}],"about":[{"href":"https:\/\/easeshape.com\/en\/wp-json\/wp\/v2\/types\/product"}],"wp:featuredmedia":[{"embeddable":true,"href":"https:\/\/easeshape.com\/en\/wp-json\/wp\/v2\/media\/865"}],"wp:attachment":[{"href":"https:\/\/easeshape.com\/en\/wp-json\/wp\/v2\/media?parent=419"}],"wp:term":[{"taxonomy":"product_brand","embeddable":true,"href":"https:\/\/easeshape.com\/en\/wp-json\/wp\/v2\/product_brand?post=419"},{"taxonomy":"product_cat","embeddable":true,"href":"https:\/\/easeshape.com\/en\/wp-json\/wp\/v2\/product_cat?post=419"},{"taxonomy":"product_tag","embeddable":true,"href":"https:\/\/easeshape.com\/en\/wp-json\/wp\/v2\/product_tag?post=419"}],"curies":[{"name":"wp","href":"https:\/\/api.w.org\/{rel}","templated":true}]}}