{"id":383,"date":"2023-12-04T10:22:06","date_gmt":"2023-12-04T09:22:06","guid":{"rendered":"https:\/\/easeshape.com\/?post_type=product&#038;p=383"},"modified":"2025-04-07T09:19:08","modified_gmt":"2025-04-07T07:19:08","slug":"maria-uniformoberteil","status":"publish","type":"product","link":"https:\/\/easeshape.com\/en\/product\/maria-uniformoberteil\/","title":{"rendered":"Maria - uniform top"},"content":{"rendered":"<p>The Maria uniform top is a modernized classic. Simple and elegant design that fits well on the body. The practical front pockets provide storage space for work materials.<\/p>\n<p>V-neck<\/p>\n<p>4 bags<\/p>\n<p>Pocket holder for name badges<\/p>\n<p>Strap for key\/card holder<\/p>","protected":false},"excerpt":{"rendered":"<p>Das Maria-Uniformoberteil ist ein modernisierter Klassiker. Schlichtes und elegantes Design, das gut am K\u00f6rper anliegt. Die praktischen Vordertaschen bieten Stauraum f\u00fcr Arbeitsmaterialien. V-Ausschnitt 4 Taschen Taschenhalter f\u00fcr Namensschilder Riemen f\u00fcr Schl\u00fcssel-\/Kartenhalter<\/p>","protected":false},"featured_media":854,"template":"","meta":[],"product_brand":[],"product_cat":[25],"product_tag":[],"class_list":{"0":"post-383","1":"product","2":"type-product","3":"status-publish","4":"has-post-thumbnail","6":"product_cat-frauen","8":"first","9":"instock","10":"taxable","11":"shipping-taxable","12":"purchasable","13":"product-type-variable","14":"rtwpvg-product","15":"rtwpvs-product"},"yoast_head":"<!-- This site is optimized with the Yoast SEO plugin v27.4 - https:\/\/yoast.com\/product\/yoast-seo-wordpress\/ -->\n<title>Maria - Uniformoberteil - Easeshape<\/title>\n<meta name=\"robots\" content=\"index, follow, max-snippet:-1, max-image-preview:large, max-video-preview:-1\" \/>\n<link rel=\"canonical\" href=\"https:\/\/easeshape.com\/en\/product\/maria-uniformoberteil\/\" \/>\n<meta property=\"og:locale\" content=\"en_US\" \/>\n<meta property=\"og:type\" content=\"article\" \/>\n<meta property=\"og:title\" content=\"Maria - Uniformoberteil - Easeshape\" \/>\n<meta property=\"og:description\" content=\"Das Maria-Uniformoberteil ist ein modernisierter Klassiker. Schlichtes und elegantes Design, das gut am K\u00f6rper anliegt. Die praktischen Vordertaschen bieten Stauraum f\u00fcr Arbeitsmaterialien. V-Ausschnitt 4 Taschen Taschenhalter f\u00fcr Namensschilder Riemen f\u00fcr Schl\u00fcssel-\/Kartenhalter\" \/>\n<meta property=\"og:url\" content=\"https:\/\/easeshape.com\/en\/product\/maria-uniformoberteil\/\" \/>\n<meta property=\"og:site_name\" content=\"Easeshape\" \/>\n<meta property=\"article:publisher\" content=\"https:\/\/www.facebook.com\/people\/Easeshape\/61554335887225\/\" \/>\n<meta property=\"article:modified_time\" content=\"2025-04-07T07:19:08+00:00\" \/>\n<meta property=\"og:image\" content=\"https:\/\/easeshape.com\/wp-content\/uploads\/2023\/12\/Easeshape-2K-05153_.jpg\" \/>\n\t<meta property=\"og:image:width\" content=\"1333\" \/>\n\t<meta property=\"og:image:height\" content=\"2000\" \/>\n\t<meta property=\"og:image:type\" content=\"image\/jpeg\" \/>\n<meta name=\"twitter:card\" content=\"summary_large_image\" \/>\n<meta name=\"twitter:label1\" content=\"Est. reading time\" \/>\n\t<meta name=\"twitter:data1\" content=\"1 minute\" \/>\n<script type=\"application\/ld+json\" class=\"yoast-schema-graph\">{\"@context\":\"https:\\\/\\\/schema.org\",\"@graph\":[{\"@type\":\"WebPage\",\"@id\":\"https:\\\/\\\/easeshape.com\\\/produkt\\\/maria-uniformoberteil\\\/\",\"url\":\"https:\\\/\\\/easeshape.com\\\/produkt\\\/maria-uniformoberteil\\\/\",\"name\":\"Maria - Uniformoberteil - Easeshape\",\"isPartOf\":{\"@id\":\"https:\\\/\\\/easeshape.com\\\/#website\"},\"primaryImageOfPage\":{\"@id\":\"https:\\\/\\\/easeshape.com\\\/produkt\\\/maria-uniformoberteil\\\/#primaryimage\"},\"image\":{\"@id\":\"https:\\\/\\\/easeshape.com\\\/produkt\\\/maria-uniformoberteil\\\/#primaryimage\"},\"thumbnailUrl\":\"https:\\\/\\\/easeshape.com\\\/wp-content\\\/uploads\\\/2023\\\/12\\\/Easeshape-2K-05153_.jpg\",\"datePublished\":\"2023-12-04T09:22:06+00:00\",\"dateModified\":\"2025-04-07T07:19:08+00:00\",\"breadcrumb\":{\"@id\":\"https:\\\/\\\/easeshape.com\\\/produkt\\\/maria-uniformoberteil\\\/#breadcrumb\"},\"inLanguage\":\"en-US\",\"potentialAction\":[{\"@type\":\"ReadAction\",\"target\":[\"https:\\\/\\\/easeshape.com\\\/produkt\\\/maria-uniformoberteil\\\/\"]}]},{\"@type\":\"ImageObject\",\"inLanguage\":\"en-US\",\"@id\":\"https:\\\/\\\/easeshape.com\\\/produkt\\\/maria-uniformoberteil\\\/#primaryimage\",\"url\":\"https:\\\/\\\/easeshape.com\\\/wp-content\\\/uploads\\\/2023\\\/12\\\/Easeshape-2K-05153_.jpg\",\"contentUrl\":\"https:\\\/\\\/easeshape.com\\\/wp-content\\\/uploads\\\/2023\\\/12\\\/Easeshape-2K-05153_.jpg\",\"width\":1280,\"height\":1920,\"caption\":\"Easeshape Damen Arbeitskleidung - Stilvolles und umweltfreundliches Design.\"},{\"@type\":\"BreadcrumbList\",\"@id\":\"https:\\\/\\\/easeshape.com\\\/produkt\\\/maria-uniformoberteil\\\/#breadcrumb\",\"itemListElement\":[{\"@type\":\"ListItem\",\"position\":1,\"name\":\"Startseite\",\"item\":\"https:\\\/\\\/easeshape.com\\\/\"},{\"@type\":\"ListItem\",\"position\":2,\"name\":\"Shop\",\"item\":\"https:\\\/\\\/easeshape.com\\\/shop\\\/\"},{\"@type\":\"ListItem\",\"position\":3,\"name\":\"Maria &#8211; Uniformoberteil\"}]},{\"@type\":\"WebSite\",\"@id\":\"https:\\\/\\\/easeshape.com\\\/#website\",\"url\":\"https:\\\/\\\/easeshape.com\\\/\",\"name\":\"Easeshape\",\"description\":\"\",\"publisher\":{\"@id\":\"https:\\\/\\\/easeshape.com\\\/#organization\"},\"potentialAction\":[{\"@type\":\"SearchAction\",\"target\":{\"@type\":\"EntryPoint\",\"urlTemplate\":\"https:\\\/\\\/easeshape.com\\\/?s={search_term_string}\"},\"query-input\":{\"@type\":\"PropertyValueSpecification\",\"valueRequired\":true,\"valueName\":\"search_term_string\"}}],\"inLanguage\":\"en-US\"},{\"@type\":\"Organization\",\"@id\":\"https:\\\/\\\/easeshape.com\\\/#organization\",\"name\":\"Easeshape\",\"url\":\"https:\\\/\\\/easeshape.com\\\/\",\"logo\":{\"@type\":\"ImageObject\",\"inLanguage\":\"en-US\",\"@id\":\"https:\\\/\\\/easeshape.com\\\/#\\\/schema\\\/logo\\\/image\\\/\",\"url\":\"https:\\\/\\\/easeshape.com\\\/wp-content\\\/uploads\\\/2023\\\/11\\\/transparent_background_logo_1.png\",\"contentUrl\":\"https:\\\/\\\/easeshape.com\\\/wp-content\\\/uploads\\\/2023\\\/11\\\/transparent_background_logo_1.png\",\"width\":1920,\"height\":470,\"caption\":\"Easeshape\"},\"image\":{\"@id\":\"https:\\\/\\\/easeshape.com\\\/#\\\/schema\\\/logo\\\/image\\\/\"},\"sameAs\":[\"https:\\\/\\\/www.facebook.com\\\/people\\\/Easeshape\\\/61554335887225\\\/\",\"https:\\\/\\\/www.instagram.com\\\/easeshape\\\/\"]}]}<\/script>\n<!-- \/ Yoast SEO plugin. -->","yoast_head_json":{"title":"Maria - Uniformoberteil - Easeshape","robots":{"index":"index","follow":"follow","max-snippet":"max-snippet:-1","max-image-preview":"max-image-preview:large","max-video-preview":"max-video-preview:-1"},"canonical":"https:\/\/easeshape.com\/en\/product\/maria-uniformoberteil\/","og_locale":"en_US","og_type":"article","og_title":"Maria - Uniformoberteil - Easeshape","og_description":"Das Maria-Uniformoberteil ist ein modernisierter Klassiker. Schlichtes und elegantes Design, das gut am K\u00f6rper anliegt. Die praktischen Vordertaschen bieten Stauraum f\u00fcr Arbeitsmaterialien. V-Ausschnitt 4 Taschen Taschenhalter f\u00fcr Namensschilder Riemen f\u00fcr Schl\u00fcssel-\/Kartenhalter","og_url":"https:\/\/easeshape.com\/en\/product\/maria-uniformoberteil\/","og_site_name":"Easeshape","article_publisher":"https:\/\/www.facebook.com\/people\/Easeshape\/61554335887225\/","article_modified_time":"2025-04-07T07:19:08+00:00","og_image":[{"width":1333,"height":2000,"url":"https:\/\/easeshape.com\/wp-content\/uploads\/2023\/12\/Easeshape-2K-05153_.jpg","type":"image\/jpeg"}],"twitter_card":"summary_large_image","twitter_misc":{"Est. reading time":"1 minute"},"schema":{"@context":"https:\/\/schema.org","@graph":[{"@type":"WebPage","@id":"https:\/\/easeshape.com\/produkt\/maria-uniformoberteil\/","url":"https:\/\/easeshape.com\/produkt\/maria-uniformoberteil\/","name":"Maria - Uniformoberteil - Easeshape","isPartOf":{"@id":"https:\/\/easeshape.com\/#website"},"primaryImageOfPage":{"@id":"https:\/\/easeshape.com\/produkt\/maria-uniformoberteil\/#primaryimage"},"image":{"@id":"https:\/\/easeshape.com\/produkt\/maria-uniformoberteil\/#primaryimage"},"thumbnailUrl":"https:\/\/easeshape.com\/wp-content\/uploads\/2023\/12\/Easeshape-2K-05153_.jpg","datePublished":"2023-12-04T09:22:06+00:00","dateModified":"2025-04-07T07:19:08+00:00","breadcrumb":{"@id":"https:\/\/easeshape.com\/produkt\/maria-uniformoberteil\/#breadcrumb"},"inLanguage":"en-US","potentialAction":[{"@type":"ReadAction","target":["https:\/\/easeshape.com\/produkt\/maria-uniformoberteil\/"]}]},{"@type":"ImageObject","inLanguage":"en-US","@id":"https:\/\/easeshape.com\/produkt\/maria-uniformoberteil\/#primaryimage","url":"https:\/\/easeshape.com\/wp-content\/uploads\/2023\/12\/Easeshape-2K-05153_.jpg","contentUrl":"https:\/\/easeshape.com\/wp-content\/uploads\/2023\/12\/Easeshape-2K-05153_.jpg","width":1280,"height":1920,"caption":"Easeshape Damen Arbeitskleidung - Stilvolles und umweltfreundliches Design."},{"@type":"BreadcrumbList","@id":"https:\/\/easeshape.com\/produkt\/maria-uniformoberteil\/#breadcrumb","itemListElement":[{"@type":"ListItem","position":1,"name":"Startseite","item":"https:\/\/easeshape.com\/"},{"@type":"ListItem","position":2,"name":"Shop","item":"https:\/\/easeshape.com\/shop\/"},{"@type":"ListItem","position":3,"name":"Maria &#8211; Uniformoberteil"}]},{"@type":"WebSite","@id":"https:\/\/easeshape.com\/#website","url":"https:\/\/easeshape.com\/","name":"Easeshape","description":"","publisher":{"@id":"https:\/\/easeshape.com\/#organization"},"potentialAction":[{"@type":"SearchAction","target":{"@type":"EntryPoint","urlTemplate":"https:\/\/easeshape.com\/?s={search_term_string}"},"query-input":{"@type":"PropertyValueSpecification","valueRequired":true,"valueName":"search_term_string"}}],"inLanguage":"en-US"},{"@type":"Organization","@id":"https:\/\/easeshape.com\/#organization","name":"Easeshape","url":"https:\/\/easeshape.com\/","logo":{"@type":"ImageObject","inLanguage":"en-US","@id":"https:\/\/easeshape.com\/#\/schema\/logo\/image\/","url":"https:\/\/easeshape.com\/wp-content\/uploads\/2023\/11\/transparent_background_logo_1.png","contentUrl":"https:\/\/easeshape.com\/wp-content\/uploads\/2023\/11\/transparent_background_logo_1.png","width":1920,"height":470,"caption":"Easeshape"},"image":{"@id":"https:\/\/easeshape.com\/#\/schema\/logo\/image\/"},"sameAs":["https:\/\/www.facebook.com\/people\/Easeshape\/61554335887225\/","https:\/\/www.instagram.com\/easeshape\/"]}]}},"_links":{"self":[{"href":"https:\/\/easeshape.com\/en\/wp-json\/wp\/v2\/product\/383","targetHints":{"allow":["GET"]}}],"collection":[{"href":"https:\/\/easeshape.com\/en\/wp-json\/wp\/v2\/product"}],"about":[{"href":"https:\/\/easeshape.com\/en\/wp-json\/wp\/v2\/types\/product"}],"wp:featuredmedia":[{"embeddable":true,"href":"https:\/\/easeshape.com\/en\/wp-json\/wp\/v2\/media\/854"}],"wp:attachment":[{"href":"https:\/\/easeshape.com\/en\/wp-json\/wp\/v2\/media?parent=383"}],"wp:term":[{"taxonomy":"product_brand","embeddable":true,"href":"https:\/\/easeshape.com\/en\/wp-json\/wp\/v2\/product_brand?post=383"},{"taxonomy":"product_cat","embeddable":true,"href":"https:\/\/easeshape.com\/en\/wp-json\/wp\/v2\/product_cat?post=383"},{"taxonomy":"product_tag","embeddable":true,"href":"https:\/\/easeshape.com\/en\/wp-json\/wp\/v2\/product_tag?post=383"}],"curies":[{"name":"wp","href":"https:\/\/api.w.org\/{rel}","templated":true}]}}