{"id":1125,"date":"2024-01-19T08:47:17","date_gmt":"2024-01-19T07:47:17","guid":{"rendered":"https:\/\/easeshape.com\/widerrufsbelehrung\/"},"modified":"2024-02-03T17:30:17","modified_gmt":"2024-02-03T16:30:17","slug":"widerrufsbelehrung","status":"publish","type":"page","link":"https:\/\/easeshape.com\/en\/widerrufsbelehrung\/","title":{"rendered":"Right of withdrawal"},"content":{"rendered":"<p>Consumers have a fourteen-day right of withdrawal.<\/p>\n\n\n\n<p class=\"translation-block\"><br><strong>Right of withdrawal<br><\/strong>You have the right to withdraw from this contract within fourteen days without giving any reason. The withdrawal period is fourteen days from the day on which you or a third party named by you, who is not the carrier, have taken possession of the last goods.\nTo exercise your right of withdrawal, you must contact us (Florentina Fernengel, Johann Bach Str. 6, 73230 Kirchheim, Germany, hallo@EaseShape.com, phone: +49 160 96200960) of your decision to withdraw from this contract by an unequivocal statement (e.g. a letter sent by post or e-mail).\nTo meet the withdrawal deadline, it is sufficient for you to send your notification of exercising your right of withdrawal before the withdrawal period has expired.<\/p>\n\n\n\n<p class=\"translation-block\"><br><strong>Consequences of withdrawal<br><\/strong>\nIf you withdraw from this contract, we shall reimburse to you all payments received from you without undue delay and in any event not later than 14 days from the day on which we are informed about your decision to withdraw from this contract. For this repayment, we will use the same means of payment that you used for the original transaction, unless expressly agreed otherwise with you; under no circumstances will you be charged any fees for this repayment. We may refuse to refund you until we have received the goods back or until you have provided proof that you have returned the goods, whichever is the earliest.\nYou must return or hand over the goods to us immediately and in any case within fourteen days at the latest from the day on which you inform us of the revocation of this contract. The deadline is met if you send the goods before the period of fourteen days has expired. You only have to pay for any loss in value of the goods if this loss in value is due to handling of the goods that is not necessary for checking their condition, properties and functionality.<\/p>\n\n\n\n<p class=\"translation-block\"><strong>Sample withdrawal form<\/strong><br>\nIf you wish to withdraw from the contract, please fill out this form and send it back to us.<\/p>\n\n\n\n<p><strong><strong>To:<\/strong><\/strong><\/p>\n\n\n\n<p class=\"translation-block\">Florentina Fernengel<br>Johann Bach Str. 6<br>73230 Kirchheim, Germany<\/p>\n\n\n\n<p class=\"translation-block\">\u2013  I\/we (*) hereby revoke the contract concluded by me\/us (*) for the purchase of the following goods (*)\/the provision of the following service(<\/em>*)<br>\u2013 Order number<br>\u2013 Ordered on (*<em>)\/received on (<\/em>*)<br>\u2013 Name of the consumer(s)<br>\u2013 Address of the consumer(s)<br>\u2013 Signature of the consumer(s) (only for notificatio on paper)<br>\u2013 date<\/p>\n\n\n\n<p>(*) Delete as appropriate.<\/p>\n\n\n\n<p class=\"translation-block\">Please include your delivery bill in the returns package so that we can allocate your order.\nIf you wish to make an EXCHANGE, please also note this on the delivery bill.<\/p>\n\n\n\n<p class=\"translation-block\">Returns address<br>\nFlorentina Fernengel<br>\nJohann Bach Str. 6<br>\n73230 Kirchheim, Germany<\/p>\n\n\n\n<p>hallo@easeshape.com<\/p>","protected":false},"excerpt":{"rendered":"<p>Verbraucher haben ein vierzehnt\u00e4giges Widerrufsrecht. WiderrufsrechtSie haben das Recht, binnen vierzehn Tagen ohne Angabe von Gr\u00fcnden diesen Vertrag zu widerrufen. Die Widerrufsfrist betr\u00e4gt vierzehn Tage ab dem Tag an dem Sie oder ein von Ihnen benannter Dritter, der nicht der Bef\u00f6rderer ist, die letzte Ware in Besitz genommen haben bzw. hat.Um Ihr Widerrufsrecht auszu\u00fcben, m\u00fcssen [&hellip;]<\/p>\n","protected":false},"author":1,"featured_media":0,"parent":0,"menu_order":0,"comment_status":"closed","ping_status":"closed","template":"","meta":{"footnotes":""},"class_list":["post-1125","page","type-page","status-publish","hentry"],"yoast_head":"<!-- This site is optimized with the Yoast SEO plugin v27.4 - https:\/\/yoast.com\/product\/yoast-seo-wordpress\/ -->\n<title>Widerrufsbelehrung - Easeshape<\/title>\n<meta name=\"robots\" content=\"index, follow, max-snippet:-1, max-image-preview:large, max-video-preview:-1\" \/>\n<link rel=\"canonical\" href=\"https:\/\/easeshape.com\/en\/widerrufsbelehrung\/\" \/>\n<meta property=\"og:locale\" content=\"en_US\" \/>\n<meta property=\"og:type\" content=\"article\" \/>\n<meta property=\"og:title\" content=\"Widerrufsbelehrung - Easeshape\" \/>\n<meta property=\"og:description\" content=\"Verbraucher haben ein vierzehnt\u00e4giges Widerrufsrecht. WiderrufsrechtSie haben das Recht, binnen vierzehn Tagen ohne Angabe von Gr\u00fcnden diesen Vertrag zu widerrufen. Die Widerrufsfrist betr\u00e4gt vierzehn Tage ab dem Tag an dem Sie oder ein von Ihnen benannter Dritter, der nicht der Bef\u00f6rderer ist, die letzte Ware in Besitz genommen haben bzw. hat.Um Ihr Widerrufsrecht auszu\u00fcben, m\u00fcssen [&hellip;]\" \/>\n<meta property=\"og:url\" content=\"https:\/\/easeshape.com\/en\/widerrufsbelehrung\/\" \/>\n<meta property=\"og:site_name\" content=\"Easeshape\" \/>\n<meta property=\"article:publisher\" content=\"https:\/\/www.facebook.com\/people\/Easeshape\/61554335887225\/\" \/>\n<meta property=\"article:modified_time\" content=\"2024-02-03T16:30:17+00:00\" \/>\n<meta name=\"twitter:card\" content=\"summary_large_image\" \/>\n<meta name=\"twitter:label1\" content=\"Est. reading time\" \/>\n\t<meta name=\"twitter:data1\" content=\"2 minutes\" \/>\n<script type=\"application\/ld+json\" class=\"yoast-schema-graph\">{\"@context\":\"https:\\\/\\\/schema.org\",\"@graph\":[{\"@type\":\"WebPage\",\"@id\":\"https:\\\/\\\/easeshape.com\\\/widerrufsbelehrung\\\/\",\"url\":\"https:\\\/\\\/easeshape.com\\\/widerrufsbelehrung\\\/\",\"name\":\"Widerrufsbelehrung - Easeshape\",\"isPartOf\":{\"@id\":\"https:\\\/\\\/easeshape.com\\\/#website\"},\"datePublished\":\"2024-01-19T07:47:17+00:00\",\"dateModified\":\"2024-02-03T16:30:17+00:00\",\"breadcrumb\":{\"@id\":\"https:\\\/\\\/easeshape.com\\\/widerrufsbelehrung\\\/#breadcrumb\"},\"inLanguage\":\"en-US\",\"potentialAction\":[{\"@type\":\"ReadAction\",\"target\":[\"https:\\\/\\\/easeshape.com\\\/widerrufsbelehrung\\\/\"]}]},{\"@type\":\"BreadcrumbList\",\"@id\":\"https:\\\/\\\/easeshape.com\\\/widerrufsbelehrung\\\/#breadcrumb\",\"itemListElement\":[{\"@type\":\"ListItem\",\"position\":1,\"name\":\"Startseite\",\"item\":\"https:\\\/\\\/easeshape.com\\\/\"},{\"@type\":\"ListItem\",\"position\":2,\"name\":\"Widerrufsbelehrung\"}]},{\"@type\":\"WebSite\",\"@id\":\"https:\\\/\\\/easeshape.com\\\/#website\",\"url\":\"https:\\\/\\\/easeshape.com\\\/\",\"name\":\"Easeshape\",\"description\":\"\",\"publisher\":{\"@id\":\"https:\\\/\\\/easeshape.com\\\/#organization\"},\"potentialAction\":[{\"@type\":\"SearchAction\",\"target\":{\"@type\":\"EntryPoint\",\"urlTemplate\":\"https:\\\/\\\/easeshape.com\\\/?s={search_term_string}\"},\"query-input\":{\"@type\":\"PropertyValueSpecification\",\"valueRequired\":true,\"valueName\":\"search_term_string\"}}],\"inLanguage\":\"en-US\"},{\"@type\":\"Organization\",\"@id\":\"https:\\\/\\\/easeshape.com\\\/#organization\",\"name\":\"Easeshape\",\"url\":\"https:\\\/\\\/easeshape.com\\\/\",\"logo\":{\"@type\":\"ImageObject\",\"inLanguage\":\"en-US\",\"@id\":\"https:\\\/\\\/easeshape.com\\\/#\\\/schema\\\/logo\\\/image\\\/\",\"url\":\"https:\\\/\\\/easeshape.com\\\/wp-content\\\/uploads\\\/2023\\\/11\\\/transparent_background_logo_1.png\",\"contentUrl\":\"https:\\\/\\\/easeshape.com\\\/wp-content\\\/uploads\\\/2023\\\/11\\\/transparent_background_logo_1.png\",\"width\":1920,\"height\":470,\"caption\":\"Easeshape\"},\"image\":{\"@id\":\"https:\\\/\\\/easeshape.com\\\/#\\\/schema\\\/logo\\\/image\\\/\"},\"sameAs\":[\"https:\\\/\\\/www.facebook.com\\\/people\\\/Easeshape\\\/61554335887225\\\/\",\"https:\\\/\\\/www.instagram.com\\\/easeshape\\\/\"]}]}<\/script>\n<!-- \/ Yoast SEO plugin. -->","yoast_head_json":{"title":"Widerrufsbelehrung - Easeshape","robots":{"index":"index","follow":"follow","max-snippet":"max-snippet:-1","max-image-preview":"max-image-preview:large","max-video-preview":"max-video-preview:-1"},"canonical":"https:\/\/easeshape.com\/en\/widerrufsbelehrung\/","og_locale":"en_US","og_type":"article","og_title":"Widerrufsbelehrung - Easeshape","og_description":"Verbraucher haben ein vierzehnt\u00e4giges Widerrufsrecht. WiderrufsrechtSie haben das Recht, binnen vierzehn Tagen ohne Angabe von Gr\u00fcnden diesen Vertrag zu widerrufen. Die Widerrufsfrist betr\u00e4gt vierzehn Tage ab dem Tag an dem Sie oder ein von Ihnen benannter Dritter, der nicht der Bef\u00f6rderer ist, die letzte Ware in Besitz genommen haben bzw. hat.Um Ihr Widerrufsrecht auszu\u00fcben, m\u00fcssen [&hellip;]","og_url":"https:\/\/easeshape.com\/en\/widerrufsbelehrung\/","og_site_name":"Easeshape","article_publisher":"https:\/\/www.facebook.com\/people\/Easeshape\/61554335887225\/","article_modified_time":"2024-02-03T16:30:17+00:00","twitter_card":"summary_large_image","twitter_misc":{"Est. reading time":"2 minutes"},"schema":{"@context":"https:\/\/schema.org","@graph":[{"@type":"WebPage","@id":"https:\/\/easeshape.com\/widerrufsbelehrung\/","url":"https:\/\/easeshape.com\/widerrufsbelehrung\/","name":"Widerrufsbelehrung - Easeshape","isPartOf":{"@id":"https:\/\/easeshape.com\/#website"},"datePublished":"2024-01-19T07:47:17+00:00","dateModified":"2024-02-03T16:30:17+00:00","breadcrumb":{"@id":"https:\/\/easeshape.com\/widerrufsbelehrung\/#breadcrumb"},"inLanguage":"en-US","potentialAction":[{"@type":"ReadAction","target":["https:\/\/easeshape.com\/widerrufsbelehrung\/"]}]},{"@type":"BreadcrumbList","@id":"https:\/\/easeshape.com\/widerrufsbelehrung\/#breadcrumb","itemListElement":[{"@type":"ListItem","position":1,"name":"Startseite","item":"https:\/\/easeshape.com\/"},{"@type":"ListItem","position":2,"name":"Widerrufsbelehrung"}]},{"@type":"WebSite","@id":"https:\/\/easeshape.com\/#website","url":"https:\/\/easeshape.com\/","name":"Easeshape","description":"","publisher":{"@id":"https:\/\/easeshape.com\/#organization"},"potentialAction":[{"@type":"SearchAction","target":{"@type":"EntryPoint","urlTemplate":"https:\/\/easeshape.com\/?s={search_term_string}"},"query-input":{"@type":"PropertyValueSpecification","valueRequired":true,"valueName":"search_term_string"}}],"inLanguage":"en-US"},{"@type":"Organization","@id":"https:\/\/easeshape.com\/#organization","name":"Easeshape","url":"https:\/\/easeshape.com\/","logo":{"@type":"ImageObject","inLanguage":"en-US","@id":"https:\/\/easeshape.com\/#\/schema\/logo\/image\/","url":"https:\/\/easeshape.com\/wp-content\/uploads\/2023\/11\/transparent_background_logo_1.png","contentUrl":"https:\/\/easeshape.com\/wp-content\/uploads\/2023\/11\/transparent_background_logo_1.png","width":1920,"height":470,"caption":"Easeshape"},"image":{"@id":"https:\/\/easeshape.com\/#\/schema\/logo\/image\/"},"sameAs":["https:\/\/www.facebook.com\/people\/Easeshape\/61554335887225\/","https:\/\/www.instagram.com\/easeshape\/"]}]}},"_links":{"self":[{"href":"https:\/\/easeshape.com\/en\/wp-json\/wp\/v2\/pages\/1125","targetHints":{"allow":["GET"]}}],"collection":[{"href":"https:\/\/easeshape.com\/en\/wp-json\/wp\/v2\/pages"}],"about":[{"href":"https:\/\/easeshape.com\/en\/wp-json\/wp\/v2\/types\/page"}],"author":[{"embeddable":true,"href":"https:\/\/easeshape.com\/en\/wp-json\/wp\/v2\/users\/1"}],"replies":[{"embeddable":true,"href":"https:\/\/easeshape.com\/en\/wp-json\/wp\/v2\/comments?post=1125"}],"version-history":[{"count":3,"href":"https:\/\/easeshape.com\/en\/wp-json\/wp\/v2\/pages\/1125\/revisions"}],"predecessor-version":[{"id":1816,"href":"https:\/\/easeshape.com\/en\/wp-json\/wp\/v2\/pages\/1125\/revisions\/1816"}],"wp:attachment":[{"href":"https:\/\/easeshape.com\/en\/wp-json\/wp\/v2\/media?parent=1125"}],"curies":[{"name":"wp","href":"https:\/\/api.w.org\/{rel}","templated":true}]}}